{"id":3,"date":"2019-08-02T15:46:26","date_gmt":"2019-08-02T15:46:26","guid":{"rendered":"http:\/\/cflr.us\/ns\/?page_id=3"},"modified":"2024-07-19T14:16:53","modified_gmt":"2024-07-19T19:16:53","slug":"privacy-policy","status":"publish","type":"page","link":"https:\/\/cflr.us\/ns\/privacy-policy\/","title":{"rendered":"Privacy Policy"},"content":{"rendered":"<p><\/p>\n\n\n<\/p>\n<h2 class=\"wp-block-heading\">Who we are<\/h2>\n<p>\n\n\n<p><\/p>\n<p><\/p>\n\n\n<\/p>\n<p>Our website address is: http:\/\/cflr.us\/<\/p>\n<p>\n\n\n<p><\/p>\n<p><\/p>\n\n\n<\/p>\n<h2 class=\"wp-block-heading\">What personal data we collect and why we collect it<\/h2>\n<p>\n\n\n<p><\/p>\n<p><\/p>\n\n\n<\/p>\n<h3 class=\"wp-block-heading\">Comments<\/h3>\n<p>\n\n\n<p><\/p>\n<p><\/p>\n\n\n<\/p>\n<p>When visitors leave comments on the site we collect the data shown in the comments form, and also the visitor\u2019s IP address and browser user agent string to help spam detection.<\/p>\n<p>\n\n\n<p><\/p>\n<p><\/p>\n\n\n<\/p>\n<p>An anonymized string created from your email address (also called a hash) may be provided to the Gravatar service to see if you are using it. The Gravatar service privacy policy is available here: https:\/\/automattic.com\/privacy\/. After approval of your comment, your profile picture is visible to the public in the context of your comment.<\/p>\n<p>\n\n\n<p><\/p>\n<p><\/p>\n\n\n<\/p>\n<h3 class=\"wp-block-heading\">Media<\/h3>\n<p>\n\n\n<p><\/p>\n<p><\/p>\n\n\n<\/p>\n<p>If you upload images to the website, you should avoid uploading images with embedded location data (EXIF GPS) included. Visitors to the website can download and extract any location data from images on the website.<\/p>\n<p>\n\n\n<p><\/p>\n<p><\/p>\n\n\n<\/p>\n<h3 class=\"wp-block-heading\">Contact forms<\/h3>\n<p>\n\n\n<p><\/p>\n<p><\/p>\n\n\n<\/p>\n<h3 class=\"wp-block-heading\">Cookies<\/h3>\n<p>\n\n\n<p><\/p>\n<p><\/p>\n\n\n<\/p>\n<p>If you leave a comment on our site you may opt-in to saving your name, email address and website in cookies. These are for your convenience so that you do not have to fill in your details again when you leave another comment. These cookies will last for one year.<\/p>\n<p>\n\n\n<p><\/p>\n<p><\/p>\n\n\n<\/p>\n<p>If you visit our login page, we will set a temporary cookie to determine if your browser accepts cookies. This cookie contains no personal data and is discarded when you close your browser.<\/p>\n<p>\n\n\n<p><\/p>\n<p><\/p>\n\n\n<\/p>\n<p>When you log in, we will also set up several cookies to save your login information and your screen display choices. Login cookies last for two days, and screen options cookies last for a year. If you select &#8220;Remember Me&#8221;, your login will persist for two weeks. If you log out of your account, the login cookies will be removed.<\/p>\n<p>\n\n\n<p><\/p>\n<p><\/p>\n\n\n<\/p>\n<p>If you edit or publish an article, an additional cookie will be saved in your browser. This cookie includes no personal data and simply indicates the post ID of the article you just edited. It expires after 1 day.<\/p>\n<p>\n\n\n<p><\/p>\n<p><\/p>\n\n\n<\/p>\n<h3 class=\"wp-block-heading\">Embedded content from other websites<\/h3>\n<p>\n\n\n<p><\/p>\n<p><\/p>\n\n\n<\/p>\n<p>Articles on this site may include embedded content (e.g. videos, images, articles, etc.). Embedded content from other websites behaves in the exact same way as if the visitor has visited the other website.<\/p>\n<p>\n\n\n<p><\/p>\n<p><\/p>\n\n\n<\/p>\n<p>These websites may collect data about you, use cookies, embed additional third-party tracking, and monitor your interaction with that embedded content, including tracking your interaction with the embedded content if you have an account and are logged in to that website.<\/p>\n<p>\n\n\n<p><\/p>\n<p><\/p>\n\n\n<\/p>\n<h3 class=\"wp-block-heading\">Analytics<\/h3>\n<p>\n\n\n<p><\/p>\n<p><\/p>\n\n\n<\/p>\n<h2 class=\"wp-block-heading\">Who we share your data with<\/h2>\n<p>\n\n\n<p><\/p>\n<p><\/p>\n\n\n<\/p>\n<h2 class=\"wp-block-heading\">How long we retain your data<\/h2>\n<p>\n\n\n<p><\/p>\n<p><\/p>\n\n\n<\/p>\n<p>If you leave a comment, the comment and its metadata are retained indefinitely. This is so we can recognize and approve any follow-up comments automatically instead of holding them in a moderation queue.<\/p>\n<p>\n\n\n<p><\/p>\n<p><\/p>\n\n\n<\/p>\n<p>For users that register on our website (if any), we also store the personal information they provide in their user profile. All users can see, edit, or delete their personal information at any time (except they cannot change their username). Website administrators can also see and edit that information.<\/p>\n<p>\n\n\n<p><\/p>\n<p><\/p>\n\n\n<\/p>\n<h2 class=\"wp-block-heading\">What rights you have over your data<\/h2>\n<p>\n\n\n<p><\/p>\n<p><\/p>\n\n\n<\/p>\n<p>If you have an account on this site, or have left comments, you can request to receive an exported file of the personal data we hold about you, including any data you have provided to us. You can also request that we erase any personal data we hold about you. This does not include any data we are obliged to keep for administrative, legal, or security purposes.<\/p>\n<p>\n\n\n<p><\/p>\n<p><\/p>\n\n\n<\/p>\n<h2 class=\"wp-block-heading\">Where we send your data<\/h2>\n<p>\n\n\n<p><\/p>\n<p><\/p>\n\n\n<\/p>\n<p>Visitor comments may be checked through an automated spam detection service.<\/p>\n<p>\n\n\n<p><\/p>\n<p><\/p>\n\n\n<\/p>\n<h2 class=\"wp-block-heading\">Your contact information<\/h2>\n<p>\n\n\n<p><\/p>\n<p><\/p>\n\n\n<\/p>\n<h2 class=\"wp-block-heading\">Additional information<\/h2>\n<p>\n\n\n<p><\/p>\n<p><\/p>\n\n\n<\/p>\n<h3 class=\"wp-block-heading\">How we protect your data<\/h3>\n<p>\n\n\n<p><\/p>\n<p><\/p>\n\n\n<\/p>\n<h3 class=\"wp-block-heading\">What data breach procedures we have in place<\/h3>\n<p>\n\n\n<p><\/p>\n<p><\/p>\n\n\n<\/p>\n<h3 class=\"wp-block-heading\">What third parties we receive data from<\/h3>\n<p>\n\n\n<p><\/p>\n<p><\/p>\n\n\n<\/p>\n<h3 class=\"wp-block-heading\">What automated decision making and\/or profiling we do with user data<\/h3>\n<p>\n\n\n<p><\/p>\n<p><\/p>\n\n\n<\/p>\n<h3 class=\"wp-block-heading\">Industry regulatory disclosure requirements<\/h3>\n\u00a0\n<section id=\"block-system-main\" style=\"caret-color: #000000; color: #000000; font-family: Helvetica, Arial, sans-serif; font-size: 14px;\">\n<h1 style=\"margin-bottom: 5px; font-size: 28px; font-family: inherit; font-weight: 500; line-height: 32px; color: inherit;\">Get Help in Other Languages<\/h1>\n<p>If you need help or speak a non-English language, call 1-800\u2013368\u20131019 (TTY: 1-800-537-7697), and you will be connected to an interpreter who will assist you at no cost.<\/p>\n<h2 style=\"font-family: inherit; font-weight: 500; line-height: 1.1; color: inherit; margin-top: 20px; margin-bottom: 10px; font-size: 24px;\">Espa\u00f1ol (Spanish)<\/h2>\n<p>ATENCI\u00d3N: Si habla espa\u00f1ol, tiene a su disposici\u00f3n servicios gratuitos de asistencia ling\u00fc\u00edstica. Llame al 1 (800) 368-1019 (TTY: 1 (800) 537-7697).<\/p>\n<ul style=\"margin: 20px 0px; padding: 0px 0px 0px 20px;\">\n<li style=\"margin: 0px 0px 20px;\"><a id=\"anch_31\" style=\"color: #6f57b5; text-decoration: underline;\" href=\"https:\/\/www.hhs.gov\/ocr\/civilrights\/complaints\/crinfospanish.html\">Hojas de datos &#8211; sobre las leyes en contra de la discriminaci\u00f3n<\/a><\/li>\n<li style=\"margin: 0px 0px 20px;\"><a id=\"anch_32\" style=\"color: #6f57b5; text-decoration: underline;\" href=\"https:\/\/www.hhs.gov\/ocr\/privacy\/hipaa\/understanding\/consumers\/factsheets_spanish.html\">Derechos sobre la confidencialidad de la informaci\u00f3n sobre su salud<\/a><\/li>\n<\/ul>\n<h2 style=\"font-family: inherit; font-weight: 500; line-height: 1.1; color: inherit; margin-top: 20px; margin-bottom: 10px; font-size: 24px;\">\u7e41\u9ad4\u4e2d\u6587 (Chinese)<\/h2>\n<p>\u6ce8\u610f\uff1a\u5982\u679c\u60a8\u4f7f\u7528\u7e41\u9ad4\u4e2d\u6587\uff0c\u60a8\u53ef\u4ee5\u514d\u8cbb\u7372\u5f97\u8a9e\u8a00\u63f4\u52a9\u670d\u52d9\u3002\u8acb\u81f4\u96fb 1 (800) 368-1019\uff08TTY\u3000\u6587\u5b57\u96fb\u8a71\uff1a1 (800) 537-7697\uff09\u3002<\/p>\n<ul style=\"margin: 20px 0px; padding: 0px 0px 0px 20px;\">\n<li style=\"margin: 0px 0px 20px;\"><a id=\"anch_33\" style=\"color: #6f57b5; text-decoration: underline;\" href=\"https:\/\/www.hhs.gov\/civil-rights\/filing-a-complaint\/complaint-process\/chinese\/index.html\">\u4e8b\u5be6\u7d19\u9801- \u95dc\u65bc\u53cd.\u8996\u7684\u6cd5\u5f8b<\/a><\/li>\n<li style=\"margin: 0px 0px 20px;\"><a id=\"anch_34\" style=\"color: #6f57b5; text-decoration: underline;\" href=\"https:\/\/www.hhs.gov\/ocr\/privacy\/hipaa\/understanding\/consumers\/factsheets_chinese.html\">\u60a8\u7684\u5065\u5eb7\u8cc7\u8a0a\u96b1\u79c1\u6b0a<\/a><\/li>\n<li style=\"margin: 0px 0px 20px;\"><a id=\"anch_35\" style=\"color: #6f57b5; text-decoration: underline;\" href=\"https:\/\/www.hhs.gov\/ocr\/privacy\/hipaa\/understanding\/consumers\/factsheets_simplified_chinese.html\">\u60a8\u7684\u5065\u5eb7\u4fe1\u606f\u9690\u79c1\u6743<\/a><\/li>\n<\/ul>\n<h2 style=\"font-family: inherit; font-weight: 500; line-height: 1.1; color: inherit; margin-top: 20px; margin-bottom: 10px; font-size: 24px;\">Ti\u1ebfng Vi\u1ec7t (Vietnamese)<\/h2>\n<p>CH\u00da \u00dd: N\u1ebfu b\u1ea1n n\u00f3i Ti\u1ebfng Vi\u1ec7t, c\u00f3 c\u00e1c d\u1ecbch v\u1ee5 h\u1ed7 tr\u1ee3 ng\u00f4n ng\u1eef mi\u1ec5n ph\u00ed d\u00e0nh cho b\u1ea1n. G\u1ecdi s\u1ed1 1 (800) 368-1019 (TTY: 1 (800) 537-7697).<\/p>\n<ul style=\"margin: 20px 0px; padding: 0px 0px 0px 20px;\">\n<li style=\"margin: 0px 0px 20px;\"><a id=\"anch_36\" style=\"color: #6f57b5; text-decoration: underline;\" href=\"https:\/\/www.hhs.gov\/ocr\/civilrights\/complaints\/crinfovietnamese.html\">T Th\u00f4ng Tin &#8211; v c\u00e1c \u00f0iu lut chng ph\u00e2n bit \u00f0i x<\/a><\/li>\n<li style=\"margin: 0px 0px 20px;\"><u><a id=\"anch_37\" style=\"color: #6f57b5; text-decoration: underline;\" href=\"https:\/\/www.hhs.gov\/ocr\/privacy\/hipaa\/understanding\/consumers\/factsheets_vietnamese.html\">Quy\u1ec1n B\u1ea3o m\u1eadt Th\u00f4ng tin S\u1ee9c kh\u1ecfe c\u1ee7a Qu\u00fd v\u1ecb<\/a><\/u><\/li>\n<\/ul>\n<h2 style=\"font-family: inherit; font-weight: 500; line-height: 1.1; color: inherit; margin-top: 20px; margin-bottom: 10px; font-size: 24px;\">\ud55c\uad6d\uc5b4(Korean)<\/h2>\n<p>\uc8fc\uc758: \ud55c\uad6d\uc5b4\ub97c \uc0ac\uc6a9\ud558\uc2dc\ub294 \uacbd\uc6b0, \uc5b8\uc5b4 \uc9c0\uc6d0 \uc11c\ube44\uc2a4\ub97c \ubb34\ub8cc\ub85c \uc774\uc6a9\ud558\uc2e4 \uc218 \uc788\uc2b5\ub2c8\ub2e4. 1 (800) 368-1019\ubc88 (TTY: 1 (800) 537-7697\ubc88)\uc73c\ub85c \uc804\ud654\ud558\uc2ed\uc2dc\uc624.<\/p>\n<ul style=\"margin: 20px 0px; padding: 0px 0px 0px 20px;\">\n<li style=\"margin: 0px 0px 20px;\"><a id=\"anch_38\" style=\"color: #6f57b5; text-decoration: underline;\" href=\"https:\/\/www.hhs.gov\/ocr\/civilrights\/complaints\/crinfokorean.html\">\uc815\ubcf4 \uc548\ub0b4\uc11c &#8212; \ucc28\ubcc4 \uae08\uc9c0\ubc95\uc5d0 \uad00\ud55c \uc815\ubcf4<\/a><\/li>\n<li style=\"margin: 0px 0px 20px;\"><u><a id=\"anch_39\" style=\"color: #6f57b5; text-decoration: underline;\" href=\"https:\/\/www.hhs.gov\/ocr\/privacy\/hipaa\/understanding\/consumers\/factsheets_korean.html\">\uac1c\uc778\uc758 \uc758\ub8cc \uc815\ubcf4 \ubcf4\ud638 \uad8c\ub9ac<\/a><\/u><\/li>\n<\/ul>\n<h2 style=\"font-family: inherit; font-weight: 500; line-height: 1.1; color: inherit; margin-top: 20px; margin-bottom: 10px; font-size: 24px;\">Tagalog (Tagalog)<\/h2>\n<p>PAUNAWA: Kung nagsasalita ka ng Tagalog, may mga libreng serbisyo para sa tulong sa wika na maaari mong gamitin. Tumawag sa 1 (800) 368-1019 (TTY: 1 (800) 537-7697).<\/p>\n<ul style=\"margin: 20px 0px; padding: 0px 0px 0px 20px;\">\n<li style=\"margin: 0px 0px 20px;\"><a id=\"anch_40\" style=\"color: #6f57b5; text-decoration: underline;\" href=\"https:\/\/www.hhs.gov\/ocr\/civilrights\/complaints\/crinfotagalog.html\">Paunawa &#8211; tungkol sa mga batas laban sa diskriminasyon<\/a><\/li>\n<li style=\"margin: 0px 0px 20px;\"><u><a id=\"anch_41\" style=\"color: #6f57b5; text-decoration: underline;\" href=\"https:\/\/www.hhs.gov\/ocr\/privacy\/hipaa\/understanding\/consumers\/factsheets_tagalog.html\">ANG IYONG MGA KARAPATAN SA PAGKAPRIBADO NG IMPORMASYONG PANGKALUSUGAN<\/a><\/u><\/li>\n<\/ul>\n<h2 style=\"font-family: inherit; font-weight: 500; line-height: 1.1; color: inherit; margin-top: 20px; margin-bottom: 10px; font-size: 24px;\">\u0420\u0443\u0441\u0441\u043a\u0438\u0439 (Russian)<\/h2>\n<p>\u0412\u041d\u0418\u041c\u0410\u041d\u0418\u0415! \u0415\u0441\u043b\u0438 \u0432\u044b \u0433\u043e\u0432\u043e\u0440\u0438\u0442\u0435 \u043d\u0430 \u0440\u0443\u0441\u0441\u043a\u043e\u043c \u044f\u0437\u044b\u043a\u0435, \u0442\u043e \u0432\u0430\u043c \u0434\u043e\u0441\u0442\u0443\u043f\u043d\u044b \u0431\u0435\u0441\u043f\u043b\u0430\u0442\u043d\u044b\u0435 \u0443\u0441\u043b\u0443\u0433\u0438 \u043f\u0435\u0440\u0435\u0432\u043e\u0434\u0430. \u0417\u0432\u043e\u043d\u0438\u0442\u0435 \u043f\u043e \u043d\u043e\u043c\u0435\u0440\u0443 1 (800) 368-1019 (\u0442\u0435\u043b\u0435\u0442\u0430\u0439\u043f: 1 (800) 537-7697).<\/p>\n<ul style=\"margin: 20px 0px; padding: 0px 0px 0px 20px;\">\n<li style=\"margin: 0px 0px 20px;\"><a id=\"anch_42\" style=\"color: #6f57b5; text-decoration: underline;\" href=\"https:\/\/www.hhs.gov\/ocr\/civilrights\/complaints\/crinforussion.html\">\u0418\u043d\u0444\u043e\u0440\u043c\u0430\u0446\u0438\u043e\u043d\u043d\u044b\u0435 \u043b\u0438\u0441\u0442\u043a\u0438 \u043e \u0437\u0430\u043a\u043e\u043d\u0430\u0445, \u0437\u0430\u043f\u0440\u0435\u0449\u0430\u044e\u0449\u0438\u0445 \u0434\u0438\u0441\u043a\u0440\u0438\u043c\u0438\u043d\u0430\u0446\u0438\u044e<\/a><\/li>\n<li style=\"margin: 0px 0px 20px;\"><a id=\"anch_43\" style=\"color: #6f57b5; text-decoration: underline;\" href=\"https:\/\/www.hhs.gov\/ocr\/privacy\/hipaa\/understanding\/consumers\/factsheets_russian.html\">\u0412\u0410\u0428\u0418 \u041f\u0420\u0410\u0412\u0410 \u041d\u0410 \u0417\u0410\u0429\u0418\u0422\u0423 \u041a\u041e\u041d\u0424\u0418\u0414\u0415\u041d\u0426\u0418\u0410\u041b\u042c\u041d\u041e\u0421\u0422\u0418 \u041c\u0415\u0414\u0418\u0426\u0418\u041d\u0421\u041a\u041e\u0419 \u0418\u041d\u0424\u041e\u0420\u041c\u0410\u0426\u0418\u0418<\/a><\/li>\n<\/ul>\n<h2 style=\"font-family: inherit; font-weight: 500; line-height: 1.1; color: inherit; margin-top: 20px; margin-bottom: 10px; font-size: 24px;\">\u0627\u0644\u0639\u0631\u0628\u064a\u0629 (Arabic)<\/h2>\n<p>\u0645\u0644\u062d\u0648\u0638\u0629: \u0625\u0630\u0627 \u0643\u0646\u062a \u062a\u062a\u062d\u062f\u062b \u0627\u0644\u0639\u0631\u0628\u064a\u0629\u060c \u0641\u0625\u0646 \u062e\u062f\u0645\u0627\u062a \u0627\u0644\u0645\u0633\u0627\u0639\u062f\u0629 \u0627\u0644\u0644\u063a\u0648\u064a\u0629 \u062a\u062a\u0648\u0627\u0641\u0631 \u0644\u0643 \u0628\u0627\u0644\u0645\u062c\u0627\u0646. \u0627\u062a\u0635\u0644 \u0639\u0644\u0649 \u0627\u0644\u0631\u0642\u0645 1019-368 (800) 1 (\u0647\u0627\u062a\u0641 \u0627\u0644\u0635\u0645 \u0648\u0627\u0644\u0628\u0643\u0645: 7697-537 (800) 1)<\/p>\n<h2 style=\"font-family: inherit; font-weight: 500; line-height: 1.1; color: inherit; margin-top: 20px; margin-bottom: 10px; font-size: 24px;\">Krey\u00f2l Ayisyen (French Creole)<\/h2>\n<p>ATANSYON Si w pale Krey\u00f2l, gen s\u00e8vis \u00e8d pou lang gratis ki disponib pou ou. Rele 1 (800) 368-1019 (TTY: 1 (800) 537-7697).<\/p>\n<h2 style=\"font-family: inherit; font-weight: 500; line-height: 1.1; color: inherit; margin-top: 20px; margin-bottom: 10px; font-size: 24px;\">Fran\u00e7ais (French)<\/h2>\n<p>ATTENTION : Si vous parlez fran\u00e7ais, des services d&#8217;aide linguistique vous sont propos\u00e9s gratuitement. Appelez le 1 (800) 368-1019 (ATS : 1 (800) 537-7697).<\/p>\n<h2 style=\"font-family: inherit; font-weight: 500; line-height: 1.1; color: inherit; margin-top: 20px; margin-bottom: 10px; font-size: 24px;\">Portugu\u00eas (Portuguese)<\/h2>\n<p>ATEN\u00c7\u00c3O: Se fala portugu\u00eas, encontram-se dispon\u00edveis servi\u00e7os lingu\u00edsticos, gr\u00e1tis. Ligue para 1 (800) 368-1019 (TTY: 1 (800) 537-7697).<\/p>\n<h2 style=\"font-family: inherit; font-weight: 500; line-height: 1.1; color: inherit; margin-top: 20px; margin-bottom: 10px; font-size: 24px;\">Polski (Polish)<\/h2>\n<p>UWAGA: Je\u017celi m\u00f3wisz po polsku, mo\u017cesz skorzysta\u0107 z bezp\u0142atnej pomocy j\u0119zykowej. Dzwo\u0144 pod numer 1 (800) 368-1019 (TTY: 1 (800) 537-7697).<\/p>\n<ul style=\"margin: 20px 0px; padding: 0px 0px 0px 20px;\">\n<li style=\"margin: 0px 0px 20px;\"><a id=\"anch_44\" style=\"color: #6f57b5; text-decoration: underline;\" href=\"https:\/\/www.hhs.gov\/ocr\/civilrights\/complaints\/crinfopolish.html\">Strony informacyjne na temat ustaw o przeciwdzia\u0142aniu dyskryminacji<\/a><\/li>\n<li style=\"margin: 0px 0px 20px;\"><a id=\"anch_45\" style=\"color: #6f57b5; text-decoration: underline;\" href=\"https:\/\/www.hhs.gov\/ocr\/privacy\/hipaa\/understanding\/consumers\/factsheets_polish.html\">PRAWA DO OCHRONY PRYWATNO\u015aCI DANYCH ZDROWOTNYCH<\/a><\/li>\n<\/ul>\n<h2 style=\"font-family: inherit; font-weight: 500; line-height: 1.1; color: inherit; margin-top: 20px; margin-bottom: 10px; font-size: 24px;\">\u65e5\u672c\u8a9e (Japanese)<\/h2>\n<p>\u6ce8\u610f\u4e8b\u9805\uff1a\u65e5\u672c\u8a9e\u3092\u8a71\u3055\u308c\u308b\u5834\u5408\u3001\u7121\u6599\u306e\u8a00\u8a9e\u652f\u63f4\u3092\u3054\u5229\u7528\u3044\u305f\u3060\u3051\u307e\u3059\u3002Call 1 (800) 368-1019 (TTY:1 (800) 537-7697).<\/p>\n<h2 style=\"font-family: inherit; font-weight: 500; line-height: 1.1; color: inherit; margin-top: 20px; margin-bottom: 10px; font-size: 24px;\">Italiano (Italian)<\/h2>\n<p>ATTENZIONE: In caso la lingua parlata sia l&#8217;italiano, sono disponibili servizi di assistenza linguistica gratuiti. Chiamare il numero 1 (800) 368-1019 (TTY: 1 (800) 537-7697).<\/p>\n<h2 style=\"font-family: inherit; font-weight: 500; line-height: 1.1; color: inherit; margin-top: 20px; margin-bottom: 10px; font-size: 24px;\">Deutsch (German)<\/h2>\n<p>ACHTUNG: Wenn Sie Deutsch sprechen, stehen Ihnen kostenlos sprachliche Hilfsdienstleistungen zur Verf\u00fcgung. Rufen Sie uns an unter 1 (800) 368-1019 (TTY: 1 (800) 537-7697).<\/p>\n<h2 style=\"font-family: inherit; font-weight: 500; line-height: 1.1; color: inherit; margin-top: 20px; margin-bottom: 10px; font-size: 24px;\">Persian (Farsi)<\/h2>\n<p>\u062a\u0648\u062c\u0647:\u00a0 \u0627\u06af\u0631 \u0628\u0647 \u0632\u0628\u0627\u0646 \u0641\u0627\u0631\u0633\u06cc \u0635\u062d\u0628\u062a \u0645\u06cc \u06a9\u0646\u06cc\u062f\u060c \u062e\u062f\u0645\u0627\u062a \u06cc\u0627\u0631\u06cc \u0631\u0633\u0627\u0646\u06cc \u0632\u0628\u0627\u0646\u06cc\u060c \u0628\u0637\u0648\u0631 \u0631\u0627\u06cc\u06af\u0627\u0646\u060c \u062f\u0631 \u062f\u0633\u062a\u0631\u0633\u00a0 \u0634\u0645\u0627 \u0645\u06cc<\/p>\n<p>\u0628\u0627\u0634\u062f.\u00a0 \u0628\u0627 \u0634\u0645\u0627\u0631\u0647\u00a01 (800) 368-1019\u00a0\u060c (TTY: 1 (800) 537-7697\u00a0) \u062a\u0645\u0627\u0633 \u0628\u06af\u06cc\u0631\u06cc\u062f.<\/p>\n<p>\u00a0<\/p>\n<\/section>\n<section id=\"block-block-2\" style=\"border-top-width: thin; border-top-style: solid; border-top-color: #cccccc; margin: 30px 0px 0px; padding: 20px 0px 0px; clear: both; font-size: 12px; caret-color: #000000; color: #000000; font-family: Helvetica, Arial, sans-serif;\">Content created by Office for Civil Rights (OCR)<br \/>Content last reviewed on June 10, 2016<\/section>\n<p>\n\n\n<p><\/p>","protected":false},"excerpt":{"rendered":"<p>Who we are Our website address is: http:\/\/cflr.us\/ What personal data we collect and why we collect it Comments When visitors leave comments on the site we collect the data shown in the comments form, and also the visitor\u2019s IP address and browser user agent string to help spam detection. An anonymized string created from&hellip;<\/p>\n","protected":false},"author":3,"featured_media":0,"parent":0,"menu_order":0,"comment_status":"closed","ping_status":"open","template":"","meta":{"footnotes":""},"class_list":["post-3","page","type-page","status-publish","hentry"],"_links":{"self":[{"href":"https:\/\/cflr.us\/ns\/wp-json\/wp\/v2\/pages\/3","targetHints":{"allow":["GET"]}}],"collection":[{"href":"https:\/\/cflr.us\/ns\/wp-json\/wp\/v2\/pages"}],"about":[{"href":"https:\/\/cflr.us\/ns\/wp-json\/wp\/v2\/types\/page"}],"author":[{"embeddable":true,"href":"https:\/\/cflr.us\/ns\/wp-json\/wp\/v2\/users\/3"}],"replies":[{"embeddable":true,"href":"https:\/\/cflr.us\/ns\/wp-json\/wp\/v2\/comments?post=3"}],"version-history":[{"count":4,"href":"https:\/\/cflr.us\/ns\/wp-json\/wp\/v2\/pages\/3\/revisions"}],"predecessor-version":[{"id":2017,"href":"https:\/\/cflr.us\/ns\/wp-json\/wp\/v2\/pages\/3\/revisions\/2017"}],"wp:attachment":[{"href":"https:\/\/cflr.us\/ns\/wp-json\/wp\/v2\/media?parent=3"}],"curies":[{"name":"wp","href":"https:\/\/api.w.org\/{rel}","templated":true}]}}