{"id":258,"date":"2019-08-06T20:25:02","date_gmt":"2019-08-06T20:25:02","guid":{"rendered":"http:\/\/cflr.us\/ns\/?page_id=258"},"modified":"2026-01-21T09:03:07","modified_gmt":"2026-01-21T15:03:07","slug":"local-planning-information","status":"publish","type":"page","link":"https:\/\/cflr.us\/ns\/local-planning-information\/","title":{"rendered":"Local Planning Information"},"content":{"rendered":"\t\t<div data-elementor-type=\"wp-post\" data-elementor-id=\"258\" class=\"elementor elementor-258\">\n\t\t\t\t\t\t<section class=\"elementor-section elementor-top-section elementor-element elementor-element-1c44f11 elementor-section-boxed elementor-section-height-default elementor-section-height-default\" data-id=\"1c44f11\" data-element_type=\"section\" data-e-type=\"section\">\n\t\t\t\t\t\t<div class=\"elementor-container elementor-column-gap-default\">\n\t\t\t\t\t<div class=\"elementor-column elementor-col-100 elementor-top-column elementor-element elementor-element-f6549cf\" data-id=\"f6549cf\" data-element_type=\"column\" data-e-type=\"column\">\n\t\t\t<div class=\"elementor-widget-wrap elementor-element-populated\">\n\t\t\t\t\t\t<div class=\"elementor-element elementor-element-4a9e596 elementor-widget elementor-widget-image\" data-id=\"4a9e596\" data-element_type=\"widget\" data-e-type=\"widget\" data-widget_type=\"image.default\">\n\t\t\t\t<div class=\"elementor-widget-container\">\n\t\t\t\t\t\t\t\t\t\t\t\t\t\t\t<img fetchpriority=\"high\" decoding=\"async\" width=\"768\" height=\"512\" src=\"https:\/\/cflr.us\/ns\/wp-content\/uploads\/2019\/10\/workplace-1245776_1920-768x512.jpg\" class=\"attachment-medium_large size-medium_large wp-image-596\" alt=\"\" srcset=\"https:\/\/cflr.us\/ns\/wp-content\/uploads\/2019\/10\/workplace-1245776_1920-768x512.jpg 768w, https:\/\/cflr.us\/ns\/wp-content\/uploads\/2019\/10\/workplace-1245776_1920-300x200.jpg 300w, https:\/\/cflr.us\/ns\/wp-content\/uploads\/2019\/10\/workplace-1245776_1920-1024x683.jpg 1024w, https:\/\/cflr.us\/ns\/wp-content\/uploads\/2019\/10\/workplace-1245776_1920.jpg 1920w\" sizes=\"(max-width: 768px) 100vw, 768px\" \/>\t\t\t\t\t\t\t\t\t\t\t\t\t\t\t<\/div>\n\t\t\t\t<\/div>\n\t\t\t\t\t<\/div>\n\t\t<\/div>\n\t\t\t\t\t<\/div>\n\t\t<\/section>\n\t\t\t\t<section class=\"elementor-section elementor-top-section elementor-element elementor-element-0683a3c elementor-section-boxed elementor-section-height-default elementor-section-height-default\" data-id=\"0683a3c\" data-element_type=\"section\" data-e-type=\"section\">\n\t\t\t\t\t\t<div class=\"elementor-container elementor-column-gap-default\">\n\t\t\t\t\t<div class=\"elementor-column elementor-col-100 elementor-top-column elementor-element elementor-element-3ebc80a\" data-id=\"3ebc80a\" data-element_type=\"column\" data-e-type=\"column\">\n\t\t\t<div class=\"elementor-widget-wrap elementor-element-populated\">\n\t\t\t\t\t\t<div class=\"elementor-element elementor-element-cbdafdc elementor-widget elementor-widget-text-editor\" data-id=\"cbdafdc\" data-element_type=\"widget\" data-e-type=\"widget\" data-widget_type=\"text-editor.default\">\n\t\t\t\t<div class=\"elementor-widget-container\">\n\t\t\t\t\t\t\t\t\t<p><span style=\"font-style: inherit; letter-spacing: 0px; text-decoration: inherit;\">The Center for Life Resources is responsible for developing, updating, and maintaining a Local Service Area Plan in compliance with DSHS Performance Contract. The Plan is written to reflect the Center\u2019s compliance with the following newly adopted rules; \u00a7\u00a7412.751-412.754, \u00a7412.756, \u00a7412.758, \u00a7412.760, \u00a7412.762, \u00a7412.764, and \u00a7412.766, concerning LMHA\u2019s and the development of a network of service providers within each LMHA\u2019s local service area. March 16, 2007 edition of the Texas Register (32 TexReg 1458) These new rules establish the requirements of an LMHA in assembling and maintaining a network of service providers and set forth the conditions under which an LMHA may serve as a provider of services. Therefore, the Plan is designed to develop a Network of providers that will meet local needs and priorities, allow for more consumer choice, improve access to services, make best use of available funds, and promote consumer, provider, and caregiver partnerships.\u00a0<\/span><\/p><p>The contact for Local Planning is Lacey Crouch at 325-646-9574<\/p><p>The Central Texas Mental Health and Mental Retardation Center dba The Center for Life Resources (Center) is the Department of State Health Services and the Department of Aging and Disability Services designated behavioral health and intellectual or developmental disabilities authority established to plan, coordinate, develop policy, develop and allocate resources, supervise, and ensure the provision of community-based mental health and intellectual or developmental disabilities services for the residents of Brown, Coleman, Comanche, Eastland, McCulloch, Mills, and San Saba Counties, Texas.<\/p>\t\t\t\t\t\t\t\t<\/div>\n\t\t\t\t<\/div>\n\t\t\t\t\t<\/div>\n\t\t<\/div>\n\t\t\t\t\t<\/div>\n\t\t<\/section>\n\t\t\t\t<section class=\"elementor-section elementor-top-section elementor-element elementor-element-6a3137e elementor-section-boxed elementor-section-height-default elementor-section-height-default\" data-id=\"6a3137e\" data-element_type=\"section\" data-e-type=\"section\">\n\t\t\t\t\t\t<div class=\"elementor-container elementor-column-gap-default\">\n\t\t\t\t\t<div class=\"elementor-column elementor-col-100 elementor-top-column elementor-element elementor-element-b06419d\" data-id=\"b06419d\" data-element_type=\"column\" data-e-type=\"column\">\n\t\t\t<div class=\"elementor-widget-wrap elementor-element-populated\">\n\t\t\t\t\t\t<div class=\"elementor-element elementor-element-9b2d418 elementor-widget elementor-widget-button\" data-id=\"9b2d418\" data-element_type=\"widget\" data-e-type=\"widget\" data-widget_type=\"button.default\">\n\t\t\t\t<div class=\"elementor-widget-container\">\n\t\t\t\t\t\t\t\t\t<div class=\"elementor-button-wrapper\">\n\t\t\t\t\t<a class=\"elementor-button elementor-button-link elementor-size-sm\" href=\"https:\/\/www.surveymonkey.com\/r\/GMDVT2B\" target=\"_blank\">\n\t\t\t\t\t\t<span class=\"elementor-button-content-wrapper\">\n\t\t\t\t\t\t\t\t\t<span class=\"elementor-button-text\">Click here to complete the Trauma Informed Care Satisfaction Survey in English<\/span>\n\t\t\t\t\t<\/span>\n\t\t\t\t\t<\/a>\n\t\t\t\t<\/div>\n\t\t\t\t\t\t\t\t<\/div>\n\t\t\t\t<\/div>\n\t\t\t\t\t<\/div>\n\t\t<\/div>\n\t\t\t\t\t<\/div>\n\t\t<\/section>\n\t\t\t\t<section class=\"elementor-section elementor-top-section elementor-element elementor-element-8470bbc elementor-section-boxed elementor-section-height-default elementor-section-height-default\" data-id=\"8470bbc\" data-element_type=\"section\" data-e-type=\"section\">\n\t\t\t\t\t\t<div class=\"elementor-container elementor-column-gap-default\">\n\t\t\t\t\t<div class=\"elementor-column elementor-col-100 elementor-top-column elementor-element elementor-element-0200a82\" data-id=\"0200a82\" data-element_type=\"column\" data-e-type=\"column\">\n\t\t\t<div class=\"elementor-widget-wrap elementor-element-populated\">\n\t\t\t\t\t\t<div class=\"elementor-element elementor-element-c3c0ac1 elementor-widget elementor-widget-button\" data-id=\"c3c0ac1\" data-element_type=\"widget\" data-e-type=\"widget\" data-widget_type=\"button.default\">\n\t\t\t\t<div class=\"elementor-widget-container\">\n\t\t\t\t\t\t\t\t\t<div class=\"elementor-button-wrapper\">\n\t\t\t\t\t<a class=\"elementor-button elementor-button-link elementor-size-sm\" href=\"https:\/\/www.surveymonkey.com\/r\/F5SRNPW\" target=\"_blank\">\n\t\t\t\t\t\t<span class=\"elementor-button-content-wrapper\">\n\t\t\t\t\t\t\t\t\t<span class=\"elementor-button-text\">Haga clic aqu\u00ed para completar la Encuesta de Satisfacci\u00f3n de Atenci\u00f3n Informada de Trauma en Espa\u00f1ol<\/span>\n\t\t\t\t\t<\/span>\n\t\t\t\t\t<\/a>\n\t\t\t\t<\/div>\n\t\t\t\t\t\t\t\t<\/div>\n\t\t\t\t<\/div>\n\t\t\t\t\t<\/div>\n\t\t<\/div>\n\t\t\t\t\t<\/div>\n\t\t<\/section>\n\t\t\t\t<section class=\"elementor-section elementor-top-section elementor-element elementor-element-9442232 elementor-section-boxed elementor-section-height-default elementor-section-height-default\" data-id=\"9442232\" data-element_type=\"section\" data-e-type=\"section\">\n\t\t\t\t\t\t<div class=\"elementor-container elementor-column-gap-default\">\n\t\t\t\t\t<div class=\"elementor-column elementor-col-100 elementor-top-column elementor-element elementor-element-a92dd05\" data-id=\"a92dd05\" data-element_type=\"column\" data-e-type=\"column\">\n\t\t\t<div class=\"elementor-widget-wrap elementor-element-populated\">\n\t\t\t\t\t\t<div class=\"elementor-element elementor-element-ad3a248 elementor-widget elementor-widget-button\" data-id=\"ad3a248\" data-element_type=\"widget\" data-e-type=\"widget\" data-widget_type=\"button.default\">\n\t\t\t\t<div class=\"elementor-widget-container\">\n\t\t\t\t\t\t\t\t\t<div class=\"elementor-button-wrapper\">\n\t\t\t\t\t<a class=\"elementor-button elementor-button-link elementor-size-sm\" href=\"https:\/\/cflr.us\/ns\/wp-content\/uploads\/2024\/04\/QM-YES-Plan.pdf\" target=\"_blank\">\n\t\t\t\t\t\t<span class=\"elementor-button-content-wrapper\">\n\t\t\t\t\t\t<span class=\"elementor-button-icon\">\n\t\t\t\t<i aria-hidden=\"true\" class=\"fas fa-info-circle\"><\/i>\t\t\t<\/span>\n\t\t\t\t\t\t\t\t\t<span class=\"elementor-button-text\">QM YES Plan<\/span>\n\t\t\t\t\t<\/span>\n\t\t\t\t\t<\/a>\n\t\t\t\t<\/div>\n\t\t\t\t\t\t\t\t<\/div>\n\t\t\t\t<\/div>\n\t\t\t\t\t<\/div>\n\t\t<\/div>\n\t\t\t\t\t<\/div>\n\t\t<\/section>\n\t\t\t\t<section class=\"elementor-section elementor-top-section elementor-element elementor-element-6b4d342 elementor-section-boxed elementor-section-height-default elementor-section-height-default\" data-id=\"6b4d342\" data-element_type=\"section\" data-e-type=\"section\">\n\t\t\t\t\t\t<div class=\"elementor-container elementor-column-gap-default\">\n\t\t\t\t\t<div class=\"elementor-column elementor-col-100 elementor-top-column elementor-element elementor-element-90cca3a\" data-id=\"90cca3a\" data-element_type=\"column\" data-e-type=\"column\">\n\t\t\t<div class=\"elementor-widget-wrap elementor-element-populated\">\n\t\t\t\t\t\t<div class=\"elementor-element elementor-element-c4e3f50 elementor-widget elementor-widget-button\" data-id=\"c4e3f50\" data-element_type=\"widget\" data-e-type=\"widget\" data-widget_type=\"button.default\">\n\t\t\t\t<div class=\"elementor-widget-container\">\n\t\t\t\t\t\t\t\t\t<div class=\"elementor-button-wrapper\">\n\t\t\t\t\t<a class=\"elementor-button elementor-button-link elementor-size-sm\" href=\"https:\/\/cflr.us\/ns\/wp-content\/uploads\/2024\/09\/Local-Provider-Contracts-FY25.docx\" target=\"_blank\">\n\t\t\t\t\t\t<span class=\"elementor-button-content-wrapper\">\n\t\t\t\t\t\t<span class=\"elementor-button-icon\">\n\t\t\t\t<i aria-hidden=\"true\" class=\"fas fa-info-circle\"><\/i>\t\t\t<\/span>\n\t\t\t\t\t\t\t\t\t<span class=\"elementor-button-text\">FY2025 Community Subcontractors <\/span>\n\t\t\t\t\t<\/span>\n\t\t\t\t\t<\/a>\n\t\t\t\t<\/div>\n\t\t\t\t\t\t\t\t<\/div>\n\t\t\t\t<\/div>\n\t\t\t\t\t<\/div>\n\t\t<\/div>\n\t\t\t\t\t<\/div>\n\t\t<\/section>\n\t\t\t\t<\/div>\n\t\t","protected":false},"excerpt":{"rendered":"<p>The Center for Life Resources is responsible for developing, updating, and maintaining a Local Service Area Plan in compliance with DSHS Performance Contract. The Plan is written to reflect the Center\u2019s compliance with the following newly adopted rules; \u00a7\u00a7412.751-412.754, \u00a7412.756, \u00a7412.758, \u00a7412.760, \u00a7412.762, \u00a7412.764, and \u00a7412.766, concerning LMHA\u2019s and the development of a network of&hellip;<\/p>\n","protected":false},"author":3,"featured_media":0,"parent":0,"menu_order":0,"comment_status":"closed","ping_status":"closed","template":"","meta":{"footnotes":""},"class_list":["post-258","page","type-page","status-publish","hentry"],"_links":{"self":[{"href":"https:\/\/cflr.us\/ns\/wp-json\/wp\/v2\/pages\/258","targetHints":{"allow":["GET"]}}],"collection":[{"href":"https:\/\/cflr.us\/ns\/wp-json\/wp\/v2\/pages"}],"about":[{"href":"https:\/\/cflr.us\/ns\/wp-json\/wp\/v2\/types\/page"}],"author":[{"embeddable":true,"href":"https:\/\/cflr.us\/ns\/wp-json\/wp\/v2\/users\/3"}],"replies":[{"embeddable":true,"href":"https:\/\/cflr.us\/ns\/wp-json\/wp\/v2\/comments?post=258"}],"version-history":[{"count":111,"href":"https:\/\/cflr.us\/ns\/wp-json\/wp\/v2\/pages\/258\/revisions"}],"predecessor-version":[{"id":2360,"href":"https:\/\/cflr.us\/ns\/wp-json\/wp\/v2\/pages\/258\/revisions\/2360"}],"wp:attachment":[{"href":"https:\/\/cflr.us\/ns\/wp-json\/wp\/v2\/media?parent=258"}],"curies":[{"name":"wp","href":"https:\/\/api.w.org\/{rel}","templated":true}]}}